{"id":2207,"date":"2016-09-28T08:44:48","date_gmt":"2016-09-28T06:44:48","guid":{"rendered":"http:\/\/www.voetbalschooluden.nl\/?page_id=2207"},"modified":"2025-10-19T20:15:36","modified_gmt":"2025-10-19T18:15:36","slug":"privetraining","status":"publish","type":"page","link":"https:\/\/www.voetbalschooluden.nl\/index.php\/privetraining\/","title":{"rendered":"Priv\u00e9training"},"content":{"rendered":"<section class=\"wpb-content-wrapper\"><p>[vc_row][vc_column][vc_custom_heading text=&#8221;Priv\u00e9 training&#8221; font_container=&#8221;tag:h2|font_size:32|text_align:left&#8221; use_theme_fonts=&#8221;yes&#8221;][vc_separator color=&#8221;orange&#8221;][vc_column_text]<\/p>\n<h3>De inhoud<\/h3>\n<p>De professionele trainers van Voetbalschool Uden kunnen ook ingehuurd worden voor priv\u00e9trainingen. Deze trainingen worden op maat gemaakt en uiteraard afgestemd met de betrokkenen. Tijdens een inventarisatie en introductiegesprek wordt afgestemd waarop getraind zal worden en aan de hand hiervan zal er een plan worden opgesteld.<\/p>\n<p>Tijdens de trainingen kan gewerkt worden aan tekortkomingen, maar ook aan sterke punten. Er wordt individueel gewerkt zodat spelers de bewegingen rustiger en specifieker leren kennen. Doordat er \u00e9\u00e9n op \u00e9\u00e9n wordt gewerkt, krijgt de speler meer aandacht en wordt hij bij elke uitvoering gecoacht. Wanneer de beweging eigen wordt gemaakt wordt het tempo opgeschroefd zodat het wedstrijd-echt gaat worden.<\/p>\n<p>De sterke punten kunnen ook extra getraind worden. Een bepaalde oefening wordt vaak herhaald, waardoor er veel coachmomenten zijn en spelers zich kunnen blijven verbeteren. De situatie wordt bekender, waardoor de speler beter met de situatie kan omgaan tijdens wedstrijden. Bovendien kan ook het verkeerde been getraind worden door oefeningen zowel linksom en rechtsom te trainen.<\/p>\n<p>We kunnen voor elke speler een training op maat maken; spits, middenvelder of verdediger, voor een ieder is er een geschikte individuele training.<\/p>\n<hr \/>\n<h3>Trainingsdagen<\/h3>\n<p>Op woensdag is er vrijwel altijd beschikbaarheid voor priv\u00e9training. Ook op maandag, dinsdag en donderdag is er in overleg mogelijkheid.<\/p>\n<hr \/>\n<h3>Kosten<\/h3>\n<ul>\n<li>1 persoon, 45 minuten: \u20ac40,-<\/li>\n<li>2 personen, 60 minuten: \u20ac35,- per persoon<\/li>\n<li>3 t\/m 8 personen, 75 minuten: \u20ac30- per persoon<\/li>\n<\/ul>\n<hr \/>\n<p><img loading=\"lazy\" decoding=\"async\" class=\"alignnone wp-image-12273 size-full\" src=\"https:\/\/www.voetbalschooluden.nl\/wp-content\/uploads\/2025\/10\/DSC_5274_1029-scaled.jpg\" alt=\"\" width=\"2560\" height=\"1706\" srcset=\"https:\/\/www.voetbalschooluden.nl\/wp-content\/uploads\/2025\/10\/DSC_5274_1029-scaled.jpg 2560w, https:\/\/www.voetbalschooluden.nl\/wp-content\/uploads\/2025\/10\/DSC_5274_1029-300x200.jpg 300w, https:\/\/www.voetbalschooluden.nl\/wp-content\/uploads\/2025\/10\/DSC_5274_1029-1024x683.jpg 1024w, https:\/\/www.voetbalschooluden.nl\/wp-content\/uploads\/2025\/10\/DSC_5274_1029-768x512.jpg 768w, https:\/\/www.voetbalschooluden.nl\/wp-content\/uploads\/2025\/10\/DSC_5274_1029-1536x1024.jpg 1536w, https:\/\/www.voetbalschooluden.nl\/wp-content\/uploads\/2025\/10\/DSC_5274_1029-2048x1365.jpg 2048w, https:\/\/www.voetbalschooluden.nl\/wp-content\/uploads\/2025\/10\/DSC_5274_1029-600x400.jpg 600w\" sizes=\"auto, (max-width: 2560px) 100vw, 2560px\" \/><\/p>\n<hr \/>\n<h3>Aanmelden voor priv\u00e9training<\/h3>\n<p>Klik <a href=\"http:\/\/www.voetbalschooluden.nl\/index.php\/inschrijven-privetraining\/\"><span style=\"text-decoration: underline;\">hier<\/span><\/a> om je aan te melden voor priv\u00e9training.[\/vc_column_text][\/vc_column][\/vc_row][vc_row][vc_column][\/vc_column][\/vc_row]<\/p>\n<\/section>","protected":false},"excerpt":{"rendered":"<p>[vc_row][vc_column][vc_custom_heading text=&#8221;Priv\u00e9 training&#8221; font_container=&#8221;tag:h2|font_size:32|text_align:left&#8221; use_theme_fonts=&#8221;yes&#8221;][vc_separator color=&#8221;orange&#8221;][vc_column_text] De inhoud De professionele trainers van Voetbalschool Uden kunnen ook ingehuurd worden voor priv\u00e9trainingen. Deze trainingen worden op maat gemaakt en uiteraard afgestemd met de betrokkenen. Tijdens een inventarisatie en introductiegesprek wordt afgestemd waarop getraind zal worden en aan de hand hiervan zal er een plan worden opgesteld. Tijdens [&hellip;]<\/p>\n","protected":false},"author":1,"featured_media":0,"parent":0,"menu_order":0,"comment_status":"closed","ping_status":"closed","template":"page-templates\/with-right-sidebar.php","meta":{"_custom_body_class":"","_custom_post_class":"","footnotes":""},"class_list":["post-2207","page","type-page","status-publish","hentry"],"yoast_head":"<!-- This site is optimized with the Yoast SEO plugin v27.5 - https:\/\/yoast.com\/product\/yoast-seo-wordpress\/ -->\n<title>Priv\u00e9training - Voetbalschool Uden<\/title>\n<meta name=\"robots\" content=\"index, follow, max-snippet:-1, max-image-preview:large, max-video-preview:-1\" \/>\n<link rel=\"canonical\" href=\"https:\/\/www.voetbalschooluden.nl\/index.php\/privetraining\/\" \/>\n<meta property=\"og:locale\" content=\"nl_NL\" \/>\n<meta property=\"og:type\" content=\"article\" \/>\n<meta property=\"og:title\" content=\"Priv\u00e9training - Voetbalschool Uden\" \/>\n<meta property=\"og:description\" content=\"[vc_row][vc_column][vc_custom_heading text=&#8221;Priv\u00e9 training&#8221; font_container=&#8221;tag:h2|font_size:32|text_align:left&#8221; use_theme_fonts=&#8221;yes&#8221;][vc_separator color=&#8221;orange&#8221;][vc_column_text] De inhoud De professionele trainers van Voetbalschool Uden kunnen ook ingehuurd worden voor priv\u00e9trainingen. Deze trainingen worden op maat gemaakt en uiteraard afgestemd met de betrokkenen. Tijdens een inventarisatie en introductiegesprek wordt afgestemd waarop getraind zal worden en aan de hand hiervan zal er een plan worden opgesteld. Tijdens [&hellip;]\" \/>\n<meta property=\"og:url\" content=\"https:\/\/www.voetbalschooluden.nl\/index.php\/privetraining\/\" \/>\n<meta property=\"og:site_name\" content=\"Voetbalschool Uden\" \/>\n<meta property=\"article:publisher\" content=\"https:\/\/www.facebook.com\/VoetbalschoolUden\" \/>\n<meta property=\"article:modified_time\" content=\"2025-10-19T18:15:36+00:00\" \/>\n<meta property=\"og:image\" content=\"https:\/\/www.voetbalschooluden.nl\/wp-content\/uploads\/2025\/10\/DSC_5274_1029-scaled.jpg\" \/>\n\t<meta property=\"og:image:width\" content=\"2560\" \/>\n\t<meta property=\"og:image:height\" content=\"1706\" \/>\n\t<meta property=\"og:image:type\" content=\"image\/jpeg\" \/>\n<meta name=\"twitter:card\" content=\"summary_large_image\" \/>\n<meta name=\"twitter:site\" content=\"@voetbaluden\" \/>\n<meta name=\"twitter:label1\" content=\"Geschatte leestijd\" \/>\n\t<meta name=\"twitter:data1\" content=\"2 minuten\" \/>\n<script type=\"application\/ld+json\" class=\"yoast-schema-graph\">{\"@context\":\"https:\\\/\\\/schema.org\",\"@graph\":[{\"@type\":\"WebPage\",\"@id\":\"https:\\\/\\\/www.voetbalschooluden.nl\\\/index.php\\\/privetraining\\\/\",\"url\":\"https:\\\/\\\/www.voetbalschooluden.nl\\\/index.php\\\/privetraining\\\/\",\"name\":\"Priv\u00e9training - Voetbalschool Uden\",\"isPartOf\":{\"@id\":\"https:\\\/\\\/www.voetbalschooluden.nl\\\/#website\"},\"primaryImageOfPage\":{\"@id\":\"https:\\\/\\\/www.voetbalschooluden.nl\\\/index.php\\\/privetraining\\\/#primaryimage\"},\"image\":{\"@id\":\"https:\\\/\\\/www.voetbalschooluden.nl\\\/index.php\\\/privetraining\\\/#primaryimage\"},\"thumbnailUrl\":\"https:\\\/\\\/www.voetbalschooluden.nl\\\/wp-content\\\/uploads\\\/2025\\\/10\\\/DSC_5274_1029-scaled.jpg\",\"datePublished\":\"2016-09-28T06:44:48+00:00\",\"dateModified\":\"2025-10-19T18:15:36+00:00\",\"breadcrumb\":{\"@id\":\"https:\\\/\\\/www.voetbalschooluden.nl\\\/index.php\\\/privetraining\\\/#breadcrumb\"},\"inLanguage\":\"nl-NL\",\"potentialAction\":[{\"@type\":\"ReadAction\",\"target\":[\"https:\\\/\\\/www.voetbalschooluden.nl\\\/index.php\\\/privetraining\\\/\"]}]},{\"@type\":\"ImageObject\",\"inLanguage\":\"nl-NL\",\"@id\":\"https:\\\/\\\/www.voetbalschooluden.nl\\\/index.php\\\/privetraining\\\/#primaryimage\",\"url\":\"https:\\\/\\\/www.voetbalschooluden.nl\\\/wp-content\\\/uploads\\\/2025\\\/10\\\/DSC_5274_1029-scaled.jpg\",\"contentUrl\":\"https:\\\/\\\/www.voetbalschooluden.nl\\\/wp-content\\\/uploads\\\/2025\\\/10\\\/DSC_5274_1029-scaled.jpg\",\"width\":2560,\"height\":1706},{\"@type\":\"BreadcrumbList\",\"@id\":\"https:\\\/\\\/www.voetbalschooluden.nl\\\/index.php\\\/privetraining\\\/#breadcrumb\",\"itemListElement\":[{\"@type\":\"ListItem\",\"position\":1,\"name\":\"Home\",\"item\":\"https:\\\/\\\/www.voetbalschooluden.nl\\\/\"},{\"@type\":\"ListItem\",\"position\":2,\"name\":\"Priv\u00e9training\"}]},{\"@type\":\"WebSite\",\"@id\":\"https:\\\/\\\/www.voetbalschooluden.nl\\\/#website\",\"url\":\"https:\\\/\\\/www.voetbalschooluden.nl\\\/\",\"name\":\"Voetbalschool Uden\",\"description\":\"-\",\"publisher\":{\"@id\":\"https:\\\/\\\/www.voetbalschooluden.nl\\\/#organization\"},\"potentialAction\":[{\"@type\":\"SearchAction\",\"target\":{\"@type\":\"EntryPoint\",\"urlTemplate\":\"https:\\\/\\\/www.voetbalschooluden.nl\\\/?s={search_term_string}\"},\"query-input\":{\"@type\":\"PropertyValueSpecification\",\"valueRequired\":true,\"valueName\":\"search_term_string\"}}],\"inLanguage\":\"nl-NL\"},{\"@type\":\"Organization\",\"@id\":\"https:\\\/\\\/www.voetbalschooluden.nl\\\/#organization\",\"name\":\"Voetbalschool Uden\",\"url\":\"https:\\\/\\\/www.voetbalschooluden.nl\\\/\",\"logo\":{\"@type\":\"ImageObject\",\"inLanguage\":\"nl-NL\",\"@id\":\"https:\\\/\\\/www.voetbalschooluden.nl\\\/#\\\/schema\\\/logo\\\/image\\\/\",\"url\":\"http:\\\/\\\/www.voetbalschooluden.nl\\\/wp-content\\\/uploads\\\/2016\\\/09\\\/logo-voetbalschool-uden-1.png\",\"contentUrl\":\"http:\\\/\\\/www.voetbalschooluden.nl\\\/wp-content\\\/uploads\\\/2016\\\/09\\\/logo-voetbalschool-uden-1.png\",\"width\":350,\"height\":80,\"caption\":\"Voetbalschool Uden\"},\"image\":{\"@id\":\"https:\\\/\\\/www.voetbalschooluden.nl\\\/#\\\/schema\\\/logo\\\/image\\\/\"},\"sameAs\":[\"https:\\\/\\\/www.facebook.com\\\/VoetbalschoolUden\",\"https:\\\/\\\/x.com\\\/voetbaluden\",\"https:\\\/\\\/www.instagram.com\\\/voetbalschooluden\\\/\"]}]}<\/script>\n<!-- \/ Yoast SEO plugin. -->","yoast_head_json":{"title":"Priv\u00e9training - Voetbalschool Uden","robots":{"index":"index","follow":"follow","max-snippet":"max-snippet:-1","max-image-preview":"max-image-preview:large","max-video-preview":"max-video-preview:-1"},"canonical":"https:\/\/www.voetbalschooluden.nl\/index.php\/privetraining\/","og_locale":"nl_NL","og_type":"article","og_title":"Priv\u00e9training - Voetbalschool Uden","og_description":"[vc_row][vc_column][vc_custom_heading text=&#8221;Priv\u00e9 training&#8221; font_container=&#8221;tag:h2|font_size:32|text_align:left&#8221; use_theme_fonts=&#8221;yes&#8221;][vc_separator color=&#8221;orange&#8221;][vc_column_text] De inhoud De professionele trainers van Voetbalschool Uden kunnen ook ingehuurd worden voor priv\u00e9trainingen. Deze trainingen worden op maat gemaakt en uiteraard afgestemd met de betrokkenen. Tijdens een inventarisatie en introductiegesprek wordt afgestemd waarop getraind zal worden en aan de hand hiervan zal er een plan worden opgesteld. Tijdens [&hellip;]","og_url":"https:\/\/www.voetbalschooluden.nl\/index.php\/privetraining\/","og_site_name":"Voetbalschool Uden","article_publisher":"https:\/\/www.facebook.com\/VoetbalschoolUden","article_modified_time":"2025-10-19T18:15:36+00:00","og_image":[{"width":2560,"height":1706,"url":"https:\/\/www.voetbalschooluden.nl\/wp-content\/uploads\/2025\/10\/DSC_5274_1029-scaled.jpg","type":"image\/jpeg"}],"twitter_card":"summary_large_image","twitter_site":"@voetbaluden","twitter_misc":{"Geschatte leestijd":"2 minuten"},"schema":{"@context":"https:\/\/schema.org","@graph":[{"@type":"WebPage","@id":"https:\/\/www.voetbalschooluden.nl\/index.php\/privetraining\/","url":"https:\/\/www.voetbalschooluden.nl\/index.php\/privetraining\/","name":"Priv\u00e9training - Voetbalschool Uden","isPartOf":{"@id":"https:\/\/www.voetbalschooluden.nl\/#website"},"primaryImageOfPage":{"@id":"https:\/\/www.voetbalschooluden.nl\/index.php\/privetraining\/#primaryimage"},"image":{"@id":"https:\/\/www.voetbalschooluden.nl\/index.php\/privetraining\/#primaryimage"},"thumbnailUrl":"https:\/\/www.voetbalschooluden.nl\/wp-content\/uploads\/2025\/10\/DSC_5274_1029-scaled.jpg","datePublished":"2016-09-28T06:44:48+00:00","dateModified":"2025-10-19T18:15:36+00:00","breadcrumb":{"@id":"https:\/\/www.voetbalschooluden.nl\/index.php\/privetraining\/#breadcrumb"},"inLanguage":"nl-NL","potentialAction":[{"@type":"ReadAction","target":["https:\/\/www.voetbalschooluden.nl\/index.php\/privetraining\/"]}]},{"@type":"ImageObject","inLanguage":"nl-NL","@id":"https:\/\/www.voetbalschooluden.nl\/index.php\/privetraining\/#primaryimage","url":"https:\/\/www.voetbalschooluden.nl\/wp-content\/uploads\/2025\/10\/DSC_5274_1029-scaled.jpg","contentUrl":"https:\/\/www.voetbalschooluden.nl\/wp-content\/uploads\/2025\/10\/DSC_5274_1029-scaled.jpg","width":2560,"height":1706},{"@type":"BreadcrumbList","@id":"https:\/\/www.voetbalschooluden.nl\/index.php\/privetraining\/#breadcrumb","itemListElement":[{"@type":"ListItem","position":1,"name":"Home","item":"https:\/\/www.voetbalschooluden.nl\/"},{"@type":"ListItem","position":2,"name":"Priv\u00e9training"}]},{"@type":"WebSite","@id":"https:\/\/www.voetbalschooluden.nl\/#website","url":"https:\/\/www.voetbalschooluden.nl\/","name":"Voetbalschool Uden","description":"-","publisher":{"@id":"https:\/\/www.voetbalschooluden.nl\/#organization"},"potentialAction":[{"@type":"SearchAction","target":{"@type":"EntryPoint","urlTemplate":"https:\/\/www.voetbalschooluden.nl\/?s={search_term_string}"},"query-input":{"@type":"PropertyValueSpecification","valueRequired":true,"valueName":"search_term_string"}}],"inLanguage":"nl-NL"},{"@type":"Organization","@id":"https:\/\/www.voetbalschooluden.nl\/#organization","name":"Voetbalschool Uden","url":"https:\/\/www.voetbalschooluden.nl\/","logo":{"@type":"ImageObject","inLanguage":"nl-NL","@id":"https:\/\/www.voetbalschooluden.nl\/#\/schema\/logo\/image\/","url":"http:\/\/www.voetbalschooluden.nl\/wp-content\/uploads\/2016\/09\/logo-voetbalschool-uden-1.png","contentUrl":"http:\/\/www.voetbalschooluden.nl\/wp-content\/uploads\/2016\/09\/logo-voetbalschool-uden-1.png","width":350,"height":80,"caption":"Voetbalschool Uden"},"image":{"@id":"https:\/\/www.voetbalschooluden.nl\/#\/schema\/logo\/image\/"},"sameAs":["https:\/\/www.facebook.com\/VoetbalschoolUden","https:\/\/x.com\/voetbaluden","https:\/\/www.instagram.com\/voetbalschooluden\/"]}]}},"_links":{"self":[{"href":"https:\/\/www.voetbalschooluden.nl\/index.php\/wp-json\/wp\/v2\/pages\/2207","targetHints":{"allow":["GET"]}}],"collection":[{"href":"https:\/\/www.voetbalschooluden.nl\/index.php\/wp-json\/wp\/v2\/pages"}],"about":[{"href":"https:\/\/www.voetbalschooluden.nl\/index.php\/wp-json\/wp\/v2\/types\/page"}],"author":[{"embeddable":true,"href":"https:\/\/www.voetbalschooluden.nl\/index.php\/wp-json\/wp\/v2\/users\/1"}],"replies":[{"embeddable":true,"href":"https:\/\/www.voetbalschooluden.nl\/index.php\/wp-json\/wp\/v2\/comments?post=2207"}],"version-history":[{"count":20,"href":"https:\/\/www.voetbalschooluden.nl\/index.php\/wp-json\/wp\/v2\/pages\/2207\/revisions"}],"predecessor-version":[{"id":12274,"href":"https:\/\/www.voetbalschooluden.nl\/index.php\/wp-json\/wp\/v2\/pages\/2207\/revisions\/12274"}],"wp:attachment":[{"href":"https:\/\/www.voetbalschooluden.nl\/index.php\/wp-json\/wp\/v2\/media?parent=2207"}],"curies":[{"name":"wp","href":"https:\/\/api.w.org\/{rel}","templated":true}]}}