{"id":2434,"date":"2016-09-28T15:36:53","date_gmt":"2016-09-28T13:36:53","guid":{"rendered":"http:\/\/www.voetbalschooluden.nl\/?page_id=2434"},"modified":"2025-10-19T20:31:09","modified_gmt":"2025-10-19T18:31:09","slug":"voetbalfeestje","status":"publish","type":"page","link":"https:\/\/www.voetbalschooluden.nl\/index.php\/voetbalfeestje\/","title":{"rendered":"Voetbalfeestje"},"content":{"rendered":"<section class=\"wpb-content-wrapper\"><p>[vc_row][vc_column][vc_custom_heading text=&#8221;Voetbalfeestje&#8221; font_container=&#8221;tag:h2|font_size:32|text_align:left&#8221; use_theme_fonts=&#8221;yes&#8221;][vc_separator color=&#8221;orange&#8221;][vc_column_text]<\/p>\n<div>Voetbalschool Uden organiseert <strong>voetbalfeestjes<\/strong> voor kinderen die stapelgek zijn op voetbal en een feestje willen beleven om nooit te vergeten! Natuurlijk gaat de jarige niet met lege handen naar huis!<\/div>\n<p>[\/vc_column_text][vc_column_text]<\/p>\n<div>Het programma wordt op maat samengesteld, waarbij plezier altijd op nummer \u00e9\u00e9n staat. Hieronder vind je enkele mogelijke onderdelen van het programma. Heb je andere idee\u00ebn of wensen? We gaan graag met je in gesprek om jouw voetbalfeestje perfect te maken!<\/div>\n<ul>\n<li>Partijtjes 1\u00d71, 2\u00d72, 4\u00d74 en\/of 5\u00d75<\/li>\n<li>Speedcheck-spel<\/li>\n<li>Giggs-spel<\/li>\n<li>Afwerkspel met de Soccerwave<\/li>\n<\/ul>\n<p>[\/vc_column_text][vc_column_text]<\/p>\n<div><strong>Praktische informatie<\/strong><\/div>\n<ul>\n<li>Kosten: \u20ac90 voor 90 minuten (maximaal 10 kinderen, inclusief de jarige)<\/li>\n<li>Extra tijd: \u20ac30 per half uur<\/li>\n<li>Tussendoor kan er een korte pauze worden ingelast om wat te drinken of een tussendoortje te nemen (drinken en snacks zelf meenemen)<\/li>\n<li>De feestjes vinden plaats op onze eigen accommodatie (op het hoofdveld van FC Uden, Artillerieweg 1 in Uden)<\/li>\n<li>Voetbalschool Uden zorgt voor alle benodigde trainingsmaterialen<\/li>\n<\/ul>\n<p><img loading=\"lazy\" decoding=\"async\" class=\"alignnone wp-image-12286 size-full\" src=\"https:\/\/www.voetbalschooluden.nl\/wp-content\/uploads\/2025\/10\/DSC_5395_1126-scaled.jpg\" alt=\"\" width=\"2560\" height=\"1707\" srcset=\"https:\/\/www.voetbalschooluden.nl\/wp-content\/uploads\/2025\/10\/DSC_5395_1126-scaled.jpg 2560w, https:\/\/www.voetbalschooluden.nl\/wp-content\/uploads\/2025\/10\/DSC_5395_1126-300x200.jpg 300w, https:\/\/www.voetbalschooluden.nl\/wp-content\/uploads\/2025\/10\/DSC_5395_1126-1024x683.jpg 1024w, https:\/\/www.voetbalschooluden.nl\/wp-content\/uploads\/2025\/10\/DSC_5395_1126-768x512.jpg 768w, https:\/\/www.voetbalschooluden.nl\/wp-content\/uploads\/2025\/10\/DSC_5395_1126-1536x1024.jpg 1536w, https:\/\/www.voetbalschooluden.nl\/wp-content\/uploads\/2025\/10\/DSC_5395_1126-2048x1366.jpg 2048w, https:\/\/www.voetbalschooluden.nl\/wp-content\/uploads\/2025\/10\/DSC_5395_1126-600x400.jpg 600w\" sizes=\"auto, (max-width: 2560px) 100vw, 2560px\" \/>[\/vc_column_text][\/vc_column][\/vc_row][vc_row][vc_column][vc_separator color=&#8221;orange&#8221;][vc_custom_heading text=&#8221;Aanmelden voor een voetbalfeestje&#8221; font_container=&#8221;tag:h2|font_size:32|text_align:left&#8221; use_theme_fonts=&#8221;yes&#8221;][vc_separator color=&#8221;orange&#8221;]\n<div class=\"wpcf7 no-js\" id=\"wpcf7-f2437-o1\" lang=\"nl-NL\" dir=\"ltr\" data-wpcf7-id=\"2437\">\n<div class=\"screen-reader-response\"><p role=\"status\" aria-live=\"polite\" aria-atomic=\"true\"><\/p> <ul><\/ul><\/div>\n<form action=\"\/index.php\/wp-json\/wp\/v2\/pages\/2434#wpcf7-f2437-o1\" method=\"post\" class=\"wpcf7-form init\" aria-label=\"Contactformulier\" novalidate=\"novalidate\" data-status=\"init\">\n<fieldset class=\"hidden-fields-container\"><input type=\"hidden\" name=\"_wpcf7\" value=\"2437\" \/><input type=\"hidden\" name=\"_wpcf7_version\" value=\"6.1.5\" \/><input type=\"hidden\" name=\"_wpcf7_locale\" value=\"nl_NL\" \/><input type=\"hidden\" name=\"_wpcf7_unit_tag\" value=\"wpcf7-f2437-o1\" \/><input type=\"hidden\" name=\"_wpcf7_container_post\" value=\"0\" \/><input type=\"hidden\" name=\"_wpcf7_posted_data_hash\" value=\"\" \/><input type=\"hidden\" name=\"_wpcf7cf_hidden_group_fields\" value=\"[]\" \/><input type=\"hidden\" name=\"_wpcf7cf_hidden_groups\" value=\"[]\" \/><input type=\"hidden\" name=\"_wpcf7cf_visible_groups\" value=\"[]\" \/><input type=\"hidden\" name=\"_wpcf7cf_repeaters\" value=\"[]\" \/><input type=\"hidden\" name=\"_wpcf7cf_steps\" value=\"{}\" \/><input type=\"hidden\" name=\"_wpcf7cf_options\" value=\"{&quot;form_id&quot;:2437,&quot;conditions&quot;:[],&quot;settings&quot;:{&quot;animation&quot;:&quot;yes&quot;,&quot;animation_intime&quot;:200,&quot;animation_outtime&quot;:200,&quot;conditions_ui&quot;:&quot;normal&quot;,&quot;notice_dismissed&quot;:false,&quot;repeater_remove_button&quot;:&quot;bottom&quot;,&quot;notice_dismissed_update-cf7-5.7.2&quot;:true}}\" \/><input type=\"hidden\" name=\"_wpcf7_recaptcha_response\" value=\"\" \/>\n<\/fieldset>\n<div class=\"subscribe\">\n\t<h2>Gegevens aanvrager:\n\t<\/h2>\n\t<p>Voor- en achternaam contactpersoon<span class=\"wpcf7-form-control-wrap\" data-name=\"your-contactpersoon\"><input size=\"40\" maxlength=\"400\" class=\"wpcf7-form-control wpcf7-text wpcf7-validates-as-required\" aria-required=\"true\" aria-invalid=\"false\" placeholder=\"\" value=\"\" type=\"text\" name=\"your-contactpersoon\" \/><\/span>\n\t<\/p>\n\t<p>Telefoonnummer<span class=\"wpcf7-form-control-wrap\" data-name=\"your-telefoon\"><input size=\"40\" maxlength=\"400\" class=\"wpcf7-form-control wpcf7-text wpcf7-validates-as-required\" aria-required=\"true\" aria-invalid=\"false\" placeholder=\"\" value=\"\" type=\"text\" name=\"your-telefoon\" \/><\/span>\n\t<\/p>\n\t<p>Mobiel nummer<span class=\"wpcf7-form-control-wrap\" data-name=\"your-mobiel\"><input size=\"40\" maxlength=\"400\" class=\"wpcf7-form-control wpcf7-text wpcf7-validates-as-required\" aria-required=\"true\" aria-invalid=\"false\" placeholder=\"\" value=\"\" type=\"text\" name=\"your-mobiel\" \/><\/span>\n\t<\/p>\n\t<p>E-mail<span class=\"wpcf7-form-control-wrap\" data-name=\"your-email\"><input size=\"40\" maxlength=\"400\" class=\"wpcf7-form-control wpcf7-email wpcf7-validates-as-required wpcf7-text wpcf7-validates-as-email\" aria-required=\"true\" aria-invalid=\"false\" placeholder=\"\" value=\"\" type=\"email\" name=\"your-email\" \/><\/span>\n\t<\/p>\n<hr \/>\n\t<h2>Voor wie:\n\t<\/h2>\n\t<p>Naam jarige<span class=\"wpcf7-form-control-wrap\" data-name=\"your-name\"><input size=\"40\" maxlength=\"400\" class=\"wpcf7-form-control wpcf7-text wpcf7-validates-as-required\" aria-required=\"true\" aria-invalid=\"false\" placeholder=\"\" value=\"\" type=\"text\" name=\"your-name\" \/><\/span>\n\t<\/p>\n\t<p>Geboortedatum<span class=\"wpcf7-form-control-wrap\" data-name=\"your-Geboortedatum\"><input size=\"40\" maxlength=\"400\" class=\"wpcf7-form-control wpcf7-text wpcf7-validates-as-required\" aria-required=\"true\" aria-invalid=\"false\" placeholder=\"\" value=\"\" type=\"text\" name=\"your-Geboortedatum\" \/><\/span>\n\t<\/p>\n\t<p>Woonplaats<span class=\"wpcf7-form-control-wrap\" data-name=\"your-plaats\"><input size=\"40\" maxlength=\"400\" class=\"wpcf7-form-control wpcf7-text wpcf7-validates-as-required\" aria-required=\"true\" aria-invalid=\"false\" placeholder=\"\" value=\"\" type=\"text\" name=\"your-plaats\" \/><\/span>\n\t<\/p>\n<hr \/>\n\t<h2>Voetbalfeestje:\n\t<\/h2>\n\t<p>Voorkeursdatum<span class=\"wpcf7-form-control-wrap\" data-name=\"your-voorkeursdatum\"><input size=\"40\" maxlength=\"400\" class=\"wpcf7-form-control wpcf7-text wpcf7-validates-as-required\" aria-required=\"true\" aria-invalid=\"false\" placeholder=\"\" value=\"\" type=\"text\" name=\"your-voorkeursdatum\" \/><\/span>\n\t<\/p>\n\t<p>Tijdsduur<span class=\"wpcf7-form-control-wrap\" data-name=\"Speeltijd\"><select class=\"wpcf7-form-control wpcf7-select wpcf7-validates-as-required\" aria-required=\"true\" aria-invalid=\"false\" name=\"Speeltijd\"><option value=\"\"><\/option><option value=\"90 minuten\">90 minuten<\/option><option value=\"120 minuten\">120 minuten<\/option><option value=\"150 minuten\">150 minuten<\/option><option value=\"180 minuten\">180 minuten<\/option><\/select><\/span>\n\t<\/p>\n\t<p>Aantal kinderen<span class=\"wpcf7-form-control-wrap\" data-name=\"aantal-kinderen\"><input size=\"40\" maxlength=\"400\" class=\"wpcf7-form-control wpcf7-text wpcf7-validates-as-required\" aria-required=\"true\" aria-invalid=\"false\" placeholder=\"\" value=\"\" type=\"text\" name=\"aantal-kinderen\" \/><\/span>\n\t<\/p>\n\t<p>Aanvullende info<span class=\"wpcf7-form-control-wrap\" data-name=\"your-extrainfo\"><textarea cols=\"40\" rows=\"10\" maxlength=\"2000\" class=\"wpcf7-form-control wpcf7-textarea\" aria-invalid=\"false\" placeholder=\"\" name=\"your-extrainfo\"><\/textarea><\/span>\n\t<\/p>\n\t<div class=\"submit\">\n\t\t<p><input class=\"wpcf7-form-control wpcf7-submit has-spinner\" type=\"submit\" value=\"Verzenden\" \/>\n\t\t<\/p>\n\t<\/div>\n<\/div><div class=\"wpcf7-response-output\" aria-hidden=\"true\"><\/div>\n<\/form>\n<\/div>\n[\/vc_column][\/vc_row]<\/p>\n<\/section>","protected":false},"excerpt":{"rendered":"<p>[vc_row][vc_column][vc_custom_heading text=&#8221;Voetbalfeestje&#8221; font_container=&#8221;tag:h2|font_size:32|text_align:left&#8221; use_theme_fonts=&#8221;yes&#8221;][vc_separator color=&#8221;orange&#8221;][vc_column_text] Voetbalschool Uden organiseert voetbalfeestjes voor kinderen die stapelgek zijn op voetbal en een feestje willen beleven om nooit te vergeten! Natuurlijk gaat de jarige niet met lege handen naar huis! [\/vc_column_text][vc_column_text] Het programma wordt op maat samengesteld, waarbij plezier altijd op nummer \u00e9\u00e9n staat. Hieronder vind je enkele mogelijke onderdelen [&hellip;]<\/p>\n","protected":false},"author":1,"featured_media":0,"parent":0,"menu_order":0,"comment_status":"closed","ping_status":"closed","template":"page-templates\/with-right-sidebar.php","meta":{"_custom_body_class":"","_custom_post_class":"","footnotes":""},"class_list":["post-2434","page","type-page","status-publish","hentry"],"yoast_head":"<!-- This site is optimized with the Yoast SEO plugin v27.5 - https:\/\/yoast.com\/product\/yoast-seo-wordpress\/ -->\n<title>Voetbalfeestje - Voetbalschool Uden<\/title>\n<meta name=\"robots\" content=\"index, follow, max-snippet:-1, max-image-preview:large, max-video-preview:-1\" \/>\n<link rel=\"canonical\" href=\"https:\/\/www.voetbalschooluden.nl\/index.php\/voetbalfeestje\/\" \/>\n<meta property=\"og:locale\" content=\"nl_NL\" \/>\n<meta property=\"og:type\" content=\"article\" \/>\n<meta property=\"og:title\" content=\"Voetbalfeestje - Voetbalschool Uden\" \/>\n<meta property=\"og:description\" content=\"[vc_row][vc_column][vc_custom_heading text=&#8221;Voetbalfeestje&#8221; font_container=&#8221;tag:h2|font_size:32|text_align:left&#8221; use_theme_fonts=&#8221;yes&#8221;][vc_separator color=&#8221;orange&#8221;][vc_column_text] Voetbalschool Uden organiseert voetbalfeestjes voor kinderen die stapelgek zijn op voetbal en een feestje willen beleven om nooit te vergeten! Natuurlijk gaat de jarige niet met lege handen naar huis! [\/vc_column_text][vc_column_text] Het programma wordt op maat samengesteld, waarbij plezier altijd op nummer \u00e9\u00e9n staat. Hieronder vind je enkele mogelijke onderdelen [&hellip;]\" \/>\n<meta property=\"og:url\" content=\"https:\/\/www.voetbalschooluden.nl\/index.php\/voetbalfeestje\/\" \/>\n<meta property=\"og:site_name\" content=\"Voetbalschool Uden\" \/>\n<meta property=\"article:publisher\" content=\"https:\/\/www.facebook.com\/VoetbalschoolUden\" \/>\n<meta property=\"article:modified_time\" content=\"2025-10-19T18:31:09+00:00\" \/>\n<meta property=\"og:image\" content=\"https:\/\/www.voetbalschooluden.nl\/wp-content\/uploads\/2025\/10\/DSC_5395_1126-scaled.jpg\" \/>\n\t<meta property=\"og:image:width\" content=\"2560\" \/>\n\t<meta property=\"og:image:height\" content=\"1707\" \/>\n\t<meta property=\"og:image:type\" content=\"image\/jpeg\" \/>\n<meta name=\"twitter:card\" content=\"summary_large_image\" \/>\n<meta name=\"twitter:site\" content=\"@voetbaluden\" \/>\n<meta name=\"twitter:label1\" content=\"Geschatte leestijd\" \/>\n\t<meta name=\"twitter:data1\" content=\"2 minuten\" \/>\n<script type=\"application\/ld+json\" class=\"yoast-schema-graph\">{\"@context\":\"https:\\\/\\\/schema.org\",\"@graph\":[{\"@type\":\"WebPage\",\"@id\":\"https:\\\/\\\/www.voetbalschooluden.nl\\\/index.php\\\/voetbalfeestje\\\/\",\"url\":\"https:\\\/\\\/www.voetbalschooluden.nl\\\/index.php\\\/voetbalfeestje\\\/\",\"name\":\"Voetbalfeestje - Voetbalschool Uden\",\"isPartOf\":{\"@id\":\"https:\\\/\\\/www.voetbalschooluden.nl\\\/#website\"},\"primaryImageOfPage\":{\"@id\":\"https:\\\/\\\/www.voetbalschooluden.nl\\\/index.php\\\/voetbalfeestje\\\/#primaryimage\"},\"image\":{\"@id\":\"https:\\\/\\\/www.voetbalschooluden.nl\\\/index.php\\\/voetbalfeestje\\\/#primaryimage\"},\"thumbnailUrl\":\"https:\\\/\\\/www.voetbalschooluden.nl\\\/wp-content\\\/uploads\\\/2025\\\/10\\\/DSC_5395_1126-scaled.jpg\",\"datePublished\":\"2016-09-28T13:36:53+00:00\",\"dateModified\":\"2025-10-19T18:31:09+00:00\",\"breadcrumb\":{\"@id\":\"https:\\\/\\\/www.voetbalschooluden.nl\\\/index.php\\\/voetbalfeestje\\\/#breadcrumb\"},\"inLanguage\":\"nl-NL\",\"potentialAction\":[{\"@type\":\"ReadAction\",\"target\":[\"https:\\\/\\\/www.voetbalschooluden.nl\\\/index.php\\\/voetbalfeestje\\\/\"]}]},{\"@type\":\"ImageObject\",\"inLanguage\":\"nl-NL\",\"@id\":\"https:\\\/\\\/www.voetbalschooluden.nl\\\/index.php\\\/voetbalfeestje\\\/#primaryimage\",\"url\":\"https:\\\/\\\/www.voetbalschooluden.nl\\\/wp-content\\\/uploads\\\/2025\\\/10\\\/DSC_5395_1126-scaled.jpg\",\"contentUrl\":\"https:\\\/\\\/www.voetbalschooluden.nl\\\/wp-content\\\/uploads\\\/2025\\\/10\\\/DSC_5395_1126-scaled.jpg\",\"width\":2560,\"height\":1707},{\"@type\":\"BreadcrumbList\",\"@id\":\"https:\\\/\\\/www.voetbalschooluden.nl\\\/index.php\\\/voetbalfeestje\\\/#breadcrumb\",\"itemListElement\":[{\"@type\":\"ListItem\",\"position\":1,\"name\":\"Home\",\"item\":\"https:\\\/\\\/www.voetbalschooluden.nl\\\/\"},{\"@type\":\"ListItem\",\"position\":2,\"name\":\"Voetbalfeestje\"}]},{\"@type\":\"WebSite\",\"@id\":\"https:\\\/\\\/www.voetbalschooluden.nl\\\/#website\",\"url\":\"https:\\\/\\\/www.voetbalschooluden.nl\\\/\",\"name\":\"Voetbalschool Uden\",\"description\":\"-\",\"publisher\":{\"@id\":\"https:\\\/\\\/www.voetbalschooluden.nl\\\/#organization\"},\"potentialAction\":[{\"@type\":\"SearchAction\",\"target\":{\"@type\":\"EntryPoint\",\"urlTemplate\":\"https:\\\/\\\/www.voetbalschooluden.nl\\\/?s={search_term_string}\"},\"query-input\":{\"@type\":\"PropertyValueSpecification\",\"valueRequired\":true,\"valueName\":\"search_term_string\"}}],\"inLanguage\":\"nl-NL\"},{\"@type\":\"Organization\",\"@id\":\"https:\\\/\\\/www.voetbalschooluden.nl\\\/#organization\",\"name\":\"Voetbalschool Uden\",\"url\":\"https:\\\/\\\/www.voetbalschooluden.nl\\\/\",\"logo\":{\"@type\":\"ImageObject\",\"inLanguage\":\"nl-NL\",\"@id\":\"https:\\\/\\\/www.voetbalschooluden.nl\\\/#\\\/schema\\\/logo\\\/image\\\/\",\"url\":\"http:\\\/\\\/www.voetbalschooluden.nl\\\/wp-content\\\/uploads\\\/2016\\\/09\\\/logo-voetbalschool-uden-1.png\",\"contentUrl\":\"http:\\\/\\\/www.voetbalschooluden.nl\\\/wp-content\\\/uploads\\\/2016\\\/09\\\/logo-voetbalschool-uden-1.png\",\"width\":350,\"height\":80,\"caption\":\"Voetbalschool Uden\"},\"image\":{\"@id\":\"https:\\\/\\\/www.voetbalschooluden.nl\\\/#\\\/schema\\\/logo\\\/image\\\/\"},\"sameAs\":[\"https:\\\/\\\/www.facebook.com\\\/VoetbalschoolUden\",\"https:\\\/\\\/x.com\\\/voetbaluden\",\"https:\\\/\\\/www.instagram.com\\\/voetbalschooluden\\\/\"]}]}<\/script>\n<!-- \/ Yoast SEO plugin. -->","yoast_head_json":{"title":"Voetbalfeestje - Voetbalschool Uden","robots":{"index":"index","follow":"follow","max-snippet":"max-snippet:-1","max-image-preview":"max-image-preview:large","max-video-preview":"max-video-preview:-1"},"canonical":"https:\/\/www.voetbalschooluden.nl\/index.php\/voetbalfeestje\/","og_locale":"nl_NL","og_type":"article","og_title":"Voetbalfeestje - Voetbalschool Uden","og_description":"[vc_row][vc_column][vc_custom_heading text=&#8221;Voetbalfeestje&#8221; font_container=&#8221;tag:h2|font_size:32|text_align:left&#8221; use_theme_fonts=&#8221;yes&#8221;][vc_separator color=&#8221;orange&#8221;][vc_column_text] Voetbalschool Uden organiseert voetbalfeestjes voor kinderen die stapelgek zijn op voetbal en een feestje willen beleven om nooit te vergeten! Natuurlijk gaat de jarige niet met lege handen naar huis! [\/vc_column_text][vc_column_text] Het programma wordt op maat samengesteld, waarbij plezier altijd op nummer \u00e9\u00e9n staat. Hieronder vind je enkele mogelijke onderdelen [&hellip;]","og_url":"https:\/\/www.voetbalschooluden.nl\/index.php\/voetbalfeestje\/","og_site_name":"Voetbalschool Uden","article_publisher":"https:\/\/www.facebook.com\/VoetbalschoolUden","article_modified_time":"2025-10-19T18:31:09+00:00","og_image":[{"width":2560,"height":1707,"url":"https:\/\/www.voetbalschooluden.nl\/wp-content\/uploads\/2025\/10\/DSC_5395_1126-scaled.jpg","type":"image\/jpeg"}],"twitter_card":"summary_large_image","twitter_site":"@voetbaluden","twitter_misc":{"Geschatte leestijd":"2 minuten"},"schema":{"@context":"https:\/\/schema.org","@graph":[{"@type":"WebPage","@id":"https:\/\/www.voetbalschooluden.nl\/index.php\/voetbalfeestje\/","url":"https:\/\/www.voetbalschooluden.nl\/index.php\/voetbalfeestje\/","name":"Voetbalfeestje - Voetbalschool Uden","isPartOf":{"@id":"https:\/\/www.voetbalschooluden.nl\/#website"},"primaryImageOfPage":{"@id":"https:\/\/www.voetbalschooluden.nl\/index.php\/voetbalfeestje\/#primaryimage"},"image":{"@id":"https:\/\/www.voetbalschooluden.nl\/index.php\/voetbalfeestje\/#primaryimage"},"thumbnailUrl":"https:\/\/www.voetbalschooluden.nl\/wp-content\/uploads\/2025\/10\/DSC_5395_1126-scaled.jpg","datePublished":"2016-09-28T13:36:53+00:00","dateModified":"2025-10-19T18:31:09+00:00","breadcrumb":{"@id":"https:\/\/www.voetbalschooluden.nl\/index.php\/voetbalfeestje\/#breadcrumb"},"inLanguage":"nl-NL","potentialAction":[{"@type":"ReadAction","target":["https:\/\/www.voetbalschooluden.nl\/index.php\/voetbalfeestje\/"]}]},{"@type":"ImageObject","inLanguage":"nl-NL","@id":"https:\/\/www.voetbalschooluden.nl\/index.php\/voetbalfeestje\/#primaryimage","url":"https:\/\/www.voetbalschooluden.nl\/wp-content\/uploads\/2025\/10\/DSC_5395_1126-scaled.jpg","contentUrl":"https:\/\/www.voetbalschooluden.nl\/wp-content\/uploads\/2025\/10\/DSC_5395_1126-scaled.jpg","width":2560,"height":1707},{"@type":"BreadcrumbList","@id":"https:\/\/www.voetbalschooluden.nl\/index.php\/voetbalfeestje\/#breadcrumb","itemListElement":[{"@type":"ListItem","position":1,"name":"Home","item":"https:\/\/www.voetbalschooluden.nl\/"},{"@type":"ListItem","position":2,"name":"Voetbalfeestje"}]},{"@type":"WebSite","@id":"https:\/\/www.voetbalschooluden.nl\/#website","url":"https:\/\/www.voetbalschooluden.nl\/","name":"Voetbalschool Uden","description":"-","publisher":{"@id":"https:\/\/www.voetbalschooluden.nl\/#organization"},"potentialAction":[{"@type":"SearchAction","target":{"@type":"EntryPoint","urlTemplate":"https:\/\/www.voetbalschooluden.nl\/?s={search_term_string}"},"query-input":{"@type":"PropertyValueSpecification","valueRequired":true,"valueName":"search_term_string"}}],"inLanguage":"nl-NL"},{"@type":"Organization","@id":"https:\/\/www.voetbalschooluden.nl\/#organization","name":"Voetbalschool Uden","url":"https:\/\/www.voetbalschooluden.nl\/","logo":{"@type":"ImageObject","inLanguage":"nl-NL","@id":"https:\/\/www.voetbalschooluden.nl\/#\/schema\/logo\/image\/","url":"http:\/\/www.voetbalschooluden.nl\/wp-content\/uploads\/2016\/09\/logo-voetbalschool-uden-1.png","contentUrl":"http:\/\/www.voetbalschooluden.nl\/wp-content\/uploads\/2016\/09\/logo-voetbalschool-uden-1.png","width":350,"height":80,"caption":"Voetbalschool Uden"},"image":{"@id":"https:\/\/www.voetbalschooluden.nl\/#\/schema\/logo\/image\/"},"sameAs":["https:\/\/www.facebook.com\/VoetbalschoolUden","https:\/\/x.com\/voetbaluden","https:\/\/www.instagram.com\/voetbalschooluden\/"]}]}},"_links":{"self":[{"href":"https:\/\/www.voetbalschooluden.nl\/index.php\/wp-json\/wp\/v2\/pages\/2434","targetHints":{"allow":["GET"]}}],"collection":[{"href":"https:\/\/www.voetbalschooluden.nl\/index.php\/wp-json\/wp\/v2\/pages"}],"about":[{"href":"https:\/\/www.voetbalschooluden.nl\/index.php\/wp-json\/wp\/v2\/types\/page"}],"author":[{"embeddable":true,"href":"https:\/\/www.voetbalschooluden.nl\/index.php\/wp-json\/wp\/v2\/users\/1"}],"replies":[{"embeddable":true,"href":"https:\/\/www.voetbalschooluden.nl\/index.php\/wp-json\/wp\/v2\/comments?post=2434"}],"version-history":[{"count":22,"href":"https:\/\/www.voetbalschooluden.nl\/index.php\/wp-json\/wp\/v2\/pages\/2434\/revisions"}],"predecessor-version":[{"id":12287,"href":"https:\/\/www.voetbalschooluden.nl\/index.php\/wp-json\/wp\/v2\/pages\/2434\/revisions\/12287"}],"wp:attachment":[{"href":"https:\/\/www.voetbalschooluden.nl\/index.php\/wp-json\/wp\/v2\/media?parent=2434"}],"curies":[{"name":"wp","href":"https:\/\/api.w.org\/{rel}","templated":true}]}}